{"id":829,"date":"2025-07-07T11:14:45","date_gmt":"2025-07-07T11:14:45","guid":{"rendered":"https:\/\/aqknowledge.no\/?page_id=829"},"modified":"2025-08-27T12:31:23","modified_gmt":"2025-08-27T12:31:23","slug":"hjem","status":"publish","type":"page","link":"https:\/\/aqknowledge.no\/en\/","title":{"rendered":"Aqknowledge AS"},"content":{"rendered":"<div class=\"wp-block-group alignfull has-global-padding is-layout-constrained wp-block-group-is-layout-constrained has-background\" style=\"margin-bottom:0;background-image:url(&apos;https:\/\/aqknowledge.no\/wp-content\/uploads\/2025\/06\/Sund-4-3-scaled.jpg&apos;);background-position:50% 30%;background-size:cover;\">\n<div class=\"wp-block-group alignwide has-global-padding is-layout-constrained wp-block-group-is-layout-constrained\" style=\"margin-bottom:0\">\n<div class=\"wp-block-columns alignwide is-layout-flex wp-container-core-columns-is-layout-28f84493 wp-block-columns-is-layout-flex\">\n<div class=\"wp-block-column has-text-color has-link-color wp-elements-8a940975eac4f61fbe199b4c186d56e7 is-layout-flow wp-block-column-is-layout-flow\" style=\"color:#2b2d42;flex-basis:60%\">\n<div style=\"height:var(--wp--preset--spacing--50)\" aria-hidden=\"true\" class=\"wp-block-spacer\"><\/div>\n\n\n\n<h1 class=\"wp-block-heading has-text-color has-link-color wp-elements-995facc5b1975dfa7bea4a96ea8cd76d\" style=\"color:#2b2d42\">Success in aquaculture starts with the right expertise and the right choices<\/h1>\n\n\n\n<p>Our advisors know the aquaculture industry and regulatory landscape, and provide guidance backed by solid expertise<\/p>\n\n\n\n<div style=\"height:var(--wp--preset--spacing--50)\" aria-hidden=\"true\" class=\"wp-block-spacer\"><\/div>\n<\/div>\n\n\n\n<div class=\"wp-block-column is-layout-flow wp-block-column-is-layout-flow\" style=\"flex-basis:40%\"><\/div>\n<\/div>\n\n\n\n<div class=\"wp-block-columns alignwide is-layout-flex wp-container-core-columns-is-layout-d4b2fb03 wp-block-columns-is-layout-flex\" style=\"margin-top:0;margin-bottom:0\">\n<div class=\"wp-block-column has-background is-layout-flow wp-block-column-is-layout-flow\" style=\"background-color:#cba3c1;padding-top:0;padding-right:0;padding-bottom:0;padding-left:0\">\n<div class=\"wp-block-columns is-layout-flex wp-container-core-columns-is-layout-b653aba5 wp-block-columns-is-layout-flex\" style=\"padding-top:var(--wp--preset--spacing--50);padding-right:var(--wp--preset--spacing--50);padding-bottom:var(--wp--preset--spacing--50);padding-left:var(--wp--preset--spacing--50)\">\n<div class=\"wp-block-column is-layout-flow wp-block-column-is-layout-flow\">\n<h4 class=\"wp-block-heading is-style-default has-large-font-size\">Our Services<\/h4>\n\n\n\n<div style=\"height:10px\" aria-hidden=\"true\" class=\"wp-block-spacer\"><\/div>\n\n\n\n<div class=\"wp-block-group is-content-justification-space-between is-nowrap is-layout-flex wp-container-core-group-is-layout-fc676a98 wp-block-group-is-layout-flex\" style=\"border-top-color:var(--wp--preset--color--base);border-top-width:1px;border-bottom-color:var(--wp--preset--color--base);border-bottom-width:1px;margin-top:0;margin-bottom:0;padding-top:var(--wp--preset--spacing--20);padding-bottom:var(--wp--preset--spacing--20)\">\n<p class=\"has-medium-font-size\"><a href=\"https:\/\/aqknowledge.no\/en\/vare-tjenester\/\" data-type=\"link\" data-id=\"https:\/\/aqknowledge.no\/vare-tjenester\/\">Regulatory advisory<\/a><\/p>\n\n\n\n<p class=\"has-medium-font-size\">\u25ba<\/p>\n<\/div>\n\n\n\n<div class=\"wp-block-group is-content-justification-space-between is-nowrap is-layout-flex wp-container-core-group-is-layout-fc676a98 wp-block-group-is-layout-flex\" style=\"border-bottom-color:var(--wp--preset--color--base);border-bottom-width:1px;margin-top:0;margin-bottom:0;padding-top:var(--wp--preset--spacing--20);padding-bottom:var(--wp--preset--spacing--20)\">\n<p class=\"has-medium-font-size\"><a href=\"https:\/\/aqknowledge.no\/en\/vare-tjenester\/\" data-type=\"link\" data-id=\"https:\/\/aqknowledge.no\/vare-tjenester\/\">Strategy and action plans<\/a><\/p>\n\n\n\n<p class=\"has-medium-font-size\">\u25ba<\/p>\n<\/div>\n\n\n\n<div class=\"wp-block-group is-content-justification-space-between is-nowrap is-layout-flex wp-container-core-group-is-layout-fc676a98 wp-block-group-is-layout-flex\" style=\"border-bottom-color:var(--wp--preset--color--base);border-bottom-width:1px;margin-top:0;margin-bottom:0;padding-top:var(--wp--preset--spacing--20);padding-bottom:var(--wp--preset--spacing--20)\">\n<p class=\"has-medium-font-size\"><a href=\"https:\/\/aqknowledge.no\/en\/vare-tjenester\/\" data-type=\"link\" data-id=\"https:\/\/aqknowledge.no\/vare-tjenester\/\">Knowledge-based decision support<\/a><\/p>\n\n\n\n<p class=\"has-medium-font-size\">\u25ba<\/p>\n<\/div>\n\n\n\n<div class=\"wp-block-group is-content-justification-space-between is-nowrap is-layout-flex wp-container-core-group-is-layout-fc676a98 wp-block-group-is-layout-flex\" style=\"border-bottom-color:var(--wp--preset--color--base);border-bottom-width:1px;margin-top:0;margin-bottom:0;padding-top:var(--wp--preset--spacing--20);padding-bottom:var(--wp--preset--spacing--20)\">\n<p class=\"has-medium-font-size\"><a href=\"https:\/\/aqknowledge.no\/en\/vare-tjenester\/\" data-type=\"link\" data-id=\"https:\/\/aqknowledge.no\/vare-tjenester\/\">Business Development<\/a><\/p>\n\n\n\n<p class=\"has-medium-font-size\">\u25ba<\/p>\n<\/div>\n\n\n\n<div style=\"height:var(--wp--preset--spacing--40)\" aria-hidden=\"true\" class=\"wp-block-spacer\"><\/div>\n<\/div>\n<\/div>\n<\/div>\n\n\n\n<div class=\"wp-block-column is-vertically-aligned-bottom is-layout-flow wp-container-core-column-is-layout-8a368f38 wp-block-column-is-layout-flow\">\n<p class=\"has-text-align-right has-base-color has-text-color has-link-color has-medium-font-size wp-elements-4dad734a7ae2984a65bed2980fc3c4e1\"><\/p>\n\n\n\n<p class=\"has-text-align-right has-base-color has-text-color has-link-color has-small-font-size wp-elements-80c418be2583922a1daa26a81379fb13\">Picture with permission from Salten Aqua<\/p>\n\n\n\n<div style=\"height:40px\" aria-hidden=\"true\" class=\"wp-block-spacer\"><\/div>\n<\/div>\n<\/div>\n<\/div>\n<\/div>\n\n\n\n<div style=\"height:2em\" aria-hidden=\"true\" class=\"wp-block-spacer\"><\/div>\n\n\n\n<div class=\"wp-block-group alignwide has-global-padding is-layout-constrained wp-block-group-is-layout-constrained\">\n<div class=\"wp-block-columns alignwide is-layout-flex wp-container-core-columns-is-layout-28f84493 wp-block-columns-is-layout-flex\">\n<div class=\"wp-block-column is-layout-flow wp-block-column-is-layout-flow\">\n<figure class=\"wp-block-image size-large\"><img loading=\"lazy\" decoding=\"async\" width=\"1024\" height=\"642\" src=\"https:\/\/aqknowledge.no\/wp-content\/uploads\/2025\/07\/2880CA3F-1B1B-48A2-9151-A73C0D31D83F-scaled-e1751449404358-1024x642.jpeg\" alt=\"\" class=\"wp-image-700\" style=\"aspect-ratio:1;object-fit:cover\" srcset=\"https:\/\/aqknowledge.no\/wp-content\/uploads\/2025\/07\/2880CA3F-1B1B-48A2-9151-A73C0D31D83F-scaled-e1751449404358-1024x642.jpeg 1024w, https:\/\/aqknowledge.no\/wp-content\/uploads\/2025\/07\/2880CA3F-1B1B-48A2-9151-A73C0D31D83F-scaled-e1751449404358-300x188.jpeg 300w, https:\/\/aqknowledge.no\/wp-content\/uploads\/2025\/07\/2880CA3F-1B1B-48A2-9151-A73C0D31D83F-scaled-e1751449404358-768x481.jpeg 768w, https:\/\/aqknowledge.no\/wp-content\/uploads\/2025\/07\/2880CA3F-1B1B-48A2-9151-A73C0D31D83F-scaled-e1751449404358-1536x962.jpeg 1536w, https:\/\/aqknowledge.no\/wp-content\/uploads\/2025\/07\/2880CA3F-1B1B-48A2-9151-A73C0D31D83F-scaled-e1751449404358-2048x1283.jpeg 2048w\" sizes=\"auto, (max-width: 1024px) 100vw, 1024px\" \/><\/figure>\n\n\n\n<p class=\"has-small-font-size\">Henrik Hareide and Rudi Ripman Seim, Aqknowledge<\/p>\n<\/div>\n\n\n\n<div class=\"wp-block-column is-layout-flow wp-block-column-is-layout-flow\">\n<h2 class=\"wp-block-heading\">Our Advisors<\/h2>\n\n\n\n<p class=\"has-medium-font-size\">Our advisors combine deep industry knowledge with strategic insight to help you navigate a complex aquaculture landscape.\u00a0With broad experience from both industry and public administration, we offer insights that make a difference \u2013 from idea to implementation in your business.<\/p>\n\n\n\n<p class=\"has-medium-font-size\">We understand the challenges at the intersection of sustainability, profitability, and regulation.\u00a0That\u2019s why we deliver targeted advice on everything from regulatory processes and government relations to business development and expert decision support. Our solutions are grounded in practice, driven by knowledge, and tailored to your reality.&nbsp;<\/p>\n\n\n\n<div style=\"height:20px\" aria-hidden=\"true\" class=\"wp-block-spacer\"><\/div>\n\n\n\n<div class=\"wp-block-columns is-layout-flex wp-container-core-columns-is-layout-28f84493 wp-block-columns-is-layout-flex\">\n<div class=\"wp-block-column is-layout-flow wp-block-column-is-layout-flow\" style=\"border-bottom-color:#9bc1e6;border-bottom-width:1px;padding-top:var(--wp--preset--spacing--20);padding-bottom:var(--wp--preset--spacing--20)\">\n<div class=\"wp-block-group is-content-justification-space-between is-nowrap is-layout-flex wp-container-core-group-is-layout-cb46ffcb wp-block-group-is-layout-flex\">\n<p class=\"has-medium-font-size\"><a href=\"https:\/\/aqknowledge.no\/en\/?page_id=145\" data-type=\"page\" data-id=\"145\">Read more<\/a><\/p>\n\n\n\n<p class=\"has-text-align-right has-text-color has-link-color has-medium-font-size wp-elements-6f4db26a21f524aef422a78945592a3f\" style=\"color:#c53059\">\u25ba<\/p>\n<\/div>\n<\/div>\n<\/div>\n<\/div>\n<\/div>\n<\/div>\n\n\n\n<div style=\"height:1em\" aria-hidden=\"true\" class=\"wp-block-spacer\"><\/div>\n\n\n\n<div class=\"wp-block-group alignwide has-global-padding is-layout-constrained wp-block-group-is-layout-constrained\">\n<div class=\"wp-block-columns alignwide is-layout-flex wp-container-core-columns-is-layout-28f84493 wp-block-columns-is-layout-flex\">\n<div class=\"wp-block-column is-layout-flow wp-block-column-is-layout-flow\">\n<div class=\"wp-block-query is-layout-flow wp-block-query-is-layout-flow\">\n<div class=\"wp-block-query is-layout-flow wp-block-query-is-layout-flow\"><ul class=\"wp-block-post-template is-layout-flow wp-block-post-template-is-layout-flow\"><li class=\"wp-block-post post-1 post type-post status-publish format-standard has-post-thumbnail hentry category-forside-artikkel\">\n<h2 class=\"wp-block-post-title\"><a href=\"https:\/\/aqknowledge.no\/en\/podkast-om-havbruksmeldingen\/\" target=\"_self\" >Podcast on the Aquaculture Strategy (Norwegian)<\/a><\/h2>\n\n<figure class=\"alignwide wp-block-post-featured-image\"><a href=\"https:\/\/aqknowledge.no\/en\/podkast-om-havbruksmeldingen\/\" target=\"_self\"  ><img loading=\"lazy\" decoding=\"async\" width=\"1920\" height=\"1080\" src=\"https:\/\/aqknowledge.no\/wp-content\/uploads\/2025\/06\/Havbruksmelding_mockup.jpg\" class=\"attachment-post-thumbnail size-post-thumbnail wp-post-image\" alt=\"Podkast om Havbruksmeldingen\" style=\"object-fit:cover;\" srcset=\"https:\/\/aqknowledge.no\/wp-content\/uploads\/2025\/06\/Havbruksmelding_mockup.jpg 1920w, https:\/\/aqknowledge.no\/wp-content\/uploads\/2025\/06\/Havbruksmelding_mockup-300x169.jpg 300w, https:\/\/aqknowledge.no\/wp-content\/uploads\/2025\/06\/Havbruksmelding_mockup-1024x576.jpg 1024w, https:\/\/aqknowledge.no\/wp-content\/uploads\/2025\/06\/Havbruksmelding_mockup-768x432.jpg 768w, https:\/\/aqknowledge.no\/wp-content\/uploads\/2025\/06\/Havbruksmelding_mockup-1536x864.jpg 1536w\" sizes=\"auto, (max-width: 1920px) 100vw, 1920px\" \/><\/a><\/figure>\n\n<div class=\"wp-block-post-excerpt has-medium-font-size\"><p class=\"wp-block-post-excerpt__excerpt\">Listen to Henrik on the podcast\u00a0Fisketimen, where the Aquaculture White Paper is the topic.\u00a0The paper sets a direction, and its proposals carry a range of consequences for how one of Norway\u2019s most important industries will be regulated. Hear alternative perspectives on the paper and reflections on what is needed for continued growth in the Norwegian aquaculture sector.<\/p><p class=\"wp-block-post-excerpt__more-text\"><a class=\"wp-block-post-excerpt__more-link\" href=\"https:\/\/aqknowledge.no\/en\/podkast-om-havbruksmeldingen\/\">Read more<\/a><\/p><\/div>\n\n\n<hr class=\"wp-block-separator has-css-opacity\"\/>\n\n<\/li><\/ul><\/div>\n<\/div>\n<\/div>\n<\/div>\n\n\n\n<div style=\"height:50px\" aria-hidden=\"true\" class=\"wp-block-spacer\"><\/div>\n<\/div>","protected":false},"excerpt":{"rendered":"<p>Suksess i akvakultur begynner med rett kompetanse og riktige valg V\u00e5re r\u00e5dgivere kjenner oppdrettsn\u00e6ringen og forvaltningen, og gir r\u00e5d med faglig tyngde V\u00e5re tjenester Regulatorisk r\u00e5dgivning \u25ba Strategi og handlingsplaner \u25ba Kunnskapsbasert beslutningsst\u00f8tte \u25ba Forretningsutvikling \u25ba Bilde l\u00e5nt med tillatelse fra Salten Aqua Henrik Hareide og Rudi Ripman Seim, Aqknowledge V\u00e5re r\u00e5dgivere V\u00e5re r\u00e5dgivere kombinerer [&hellip;]<\/p>","protected":false},"author":3,"featured_media":0,"parent":0,"menu_order":0,"comment_status":"closed","ping_status":"closed","template":"page-no-title","meta":{"footnotes":""},"class_list":["post-829","page","type-page","status-publish","hentry"],"_links":{"self":[{"href":"https:\/\/aqknowledge.no\/en\/wp-json\/wp\/v2\/pages\/829","targetHints":{"allow":["GET"]}}],"collection":[{"href":"https:\/\/aqknowledge.no\/en\/wp-json\/wp\/v2\/pages"}],"about":[{"href":"https:\/\/aqknowledge.no\/en\/wp-json\/wp\/v2\/types\/page"}],"author":[{"embeddable":true,"href":"https:\/\/aqknowledge.no\/en\/wp-json\/wp\/v2\/users\/3"}],"replies":[{"embeddable":true,"href":"https:\/\/aqknowledge.no\/en\/wp-json\/wp\/v2\/comments?post=829"}],"version-history":[{"count":5,"href":"https:\/\/aqknowledge.no\/en\/wp-json\/wp\/v2\/pages\/829\/revisions"}],"predecessor-version":[{"id":904,"href":"https:\/\/aqknowledge.no\/en\/wp-json\/wp\/v2\/pages\/829\/revisions\/904"}],"wp:attachment":[{"href":"https:\/\/aqknowledge.no\/en\/wp-json\/wp\/v2\/media?parent=829"}],"curies":[{"name":"wp","href":"https:\/\/api.w.org\/{rel}","templated":true}]}}