{"id":257,"date":"2025-06-19T02:27:19","date_gmt":"2025-06-19T02:27:19","guid":{"rendered":"https:\/\/aqknowledge.no\/?page_id=257"},"modified":"2025-07-07T11:05:27","modified_gmt":"2025-07-07T11:05:27","slug":"henrik-hareide","status":"publish","type":"page","link":"https:\/\/aqknowledge.no\/en\/henrik-hareide\/","title":{"rendered":"Henrik Hareide"},"content":{"rendered":"<div class=\"wp-block-columns alignwide is-layout-flex wp-container-core-columns-is-layout-28f84493 wp-block-columns-is-layout-flex\">\n<div class=\"wp-block-column is-layout-flow wp-block-column-is-layout-flow\">\n<div style=\"height:50px\" aria-hidden=\"true\" class=\"wp-block-spacer\"><\/div>\n\n\n\n<h2 class=\"wp-block-heading\" style=\"font-style:normal;font-weight:400\">Henrik Hareide<\/h2>\n\n\n\n<p>Partner<\/p>\n\n\n\n<div style=\"height:30px\" aria-hidden=\"true\" class=\"wp-block-spacer\"><\/div>\n<\/div>\n<\/div>\n\n\n\n<div class=\"wp-block-columns alignwide is-layout-flex wp-container-core-columns-is-layout-28f84493 wp-block-columns-is-layout-flex\">\n<div class=\"wp-block-column is-layout-flow wp-block-column-is-layout-flow\">\n<div class=\"wp-block-columns is-layout-flex wp-container-core-columns-is-layout-28f84493 wp-block-columns-is-layout-flex\">\n<div class=\"wp-block-column is-layout-flow wp-block-column-is-layout-flow\" style=\"padding-top:0;padding-bottom:0\">\n<figure class=\"wp-block-image\"><img loading=\"lazy\" decoding=\"async\" width=\"1024\" height=\"683\" src=\"https:\/\/aqknowledge.no\/wp-content\/uploads\/2025\/07\/806F3F42-D432-4815-92F1-F1C4A8A03895-edited-1-1024x683.jpeg\" alt=\"\" class=\"wp-image-708\" srcset=\"https:\/\/aqknowledge.no\/wp-content\/uploads\/2025\/07\/806F3F42-D432-4815-92F1-F1C4A8A03895-edited-1-1024x683.jpeg 1024w, https:\/\/aqknowledge.no\/wp-content\/uploads\/2025\/07\/806F3F42-D432-4815-92F1-F1C4A8A03895-edited-1-300x200.jpeg 300w, https:\/\/aqknowledge.no\/wp-content\/uploads\/2025\/07\/806F3F42-D432-4815-92F1-F1C4A8A03895-edited-1-768x512.jpeg 768w, https:\/\/aqknowledge.no\/wp-content\/uploads\/2025\/07\/806F3F42-D432-4815-92F1-F1C4A8A03895-edited-1-1536x1024.jpeg 1536w, https:\/\/aqknowledge.no\/wp-content\/uploads\/2025\/07\/806F3F42-D432-4815-92F1-F1C4A8A03895-edited-1.jpeg 1774w\" sizes=\"auto, (max-width: 1024px) 100vw, 1024px\" \/><\/figure>\n\n\n\n<div class=\"wp-block-columns is-layout-flex wp-container-core-columns-is-layout-4294c2e4 wp-block-columns-is-layout-flex\" style=\"padding-right:0;padding-left:0\">\n<div class=\"wp-block-column is-layout-flow wp-container-core-column-is-layout-8a368f38 wp-block-column-is-layout-flow\">\n<h3 class=\"wp-block-heading\">Special areas of competence<\/h3>\n\n\n\n<div style=\"height:18px\" aria-hidden=\"true\" class=\"wp-block-spacer\"><\/div>\n\n\n\n<div class=\"wp-block-columns is-layout-flex wp-container-core-columns-is-layout-8d88fe0f wp-block-columns-is-layout-flex\" style=\"border-top-color:#9bc1e6;border-top-width:1px;border-bottom-color:#9bc1e6;border-bottom-width:1px;padding-top:var(--wp--preset--spacing--20);padding-bottom:var(--wp--preset--spacing--20)\">\n<div class=\"wp-block-column is-layout-flow wp-block-column-is-layout-flow\">\n<div class=\"wp-block-group is-content-justification-space-between is-nowrap is-layout-flex wp-container-core-group-is-layout-cb46ffcb wp-block-group-is-layout-flex\">\n<p class=\"has-medium-font-size\">Aquaculture management and regulatory risk<\/p>\n<\/div>\n<\/div>\n<\/div>\n\n\n\n<div class=\"wp-block-columns is-layout-flex wp-container-core-columns-is-layout-8d88fe0f wp-block-columns-is-layout-flex\" style=\"border-top-style:none;border-top-width:0px;border-bottom-color:#9bc1e6;border-bottom-width:1px;padding-top:var(--wp--preset--spacing--20);padding-bottom:var(--wp--preset--spacing--20)\">\n<div class=\"wp-block-column is-layout-flow wp-block-column-is-layout-flow\">\n<div class=\"wp-block-group is-content-justification-space-between is-nowrap is-layout-flex wp-container-core-group-is-layout-cb46ffcb wp-block-group-is-layout-flex\">\n<p class=\"has-medium-font-size\">Strategy and policy with professional insight <\/p>\n<\/div>\n<\/div>\n<\/div>\n\n\n\n<div class=\"wp-block-columns is-layout-flex wp-container-core-columns-is-layout-8d88fe0f wp-block-columns-is-layout-flex\" style=\"border-top-style:none;border-top-width:0px;border-bottom-color:#9bc1e6;border-bottom-width:1px;padding-top:var(--wp--preset--spacing--20);padding-bottom:var(--wp--preset--spacing--20)\">\n<div class=\"wp-block-column is-layout-flow wp-block-column-is-layout-flow\">\n<div class=\"wp-block-group is-content-justification-space-between is-nowrap is-layout-flex wp-container-core-group-is-layout-cb46ffcb wp-block-group-is-layout-flex\">\n<p class=\"has-medium-font-size\">Sustainability and responsible business models <\/p>\n<\/div>\n<\/div>\n<\/div>\n<\/div>\n<\/div>\n\n\n\n<div style=\"height:20px\" aria-hidden=\"true\" class=\"wp-block-spacer\"><\/div>\n\n\n\n<div class=\"wp-block-columns is-layout-flex wp-container-core-columns-is-layout-4294c2e4 wp-block-columns-is-layout-flex\" style=\"padding-right:0;padding-left:0\">\n<div class=\"wp-block-column is-layout-flow wp-container-core-column-is-layout-8a368f38 wp-block-column-is-layout-flow\">\n<h3 class=\"wp-block-heading\">In the news<\/h3>\n\n\n\n<div style=\"height:18px\" aria-hidden=\"true\" class=\"wp-block-spacer\"><\/div>\n\n\n\n<div class=\"wp-block-columns is-layout-flex wp-container-core-columns-is-layout-8d88fe0f wp-block-columns-is-layout-flex\" style=\"border-top-color:#9bc1e6;border-top-width:1px;border-bottom-color:#9bc1e6;border-bottom-width:1px;padding-top:var(--wp--preset--spacing--20);padding-bottom:var(--wp--preset--spacing--20)\">\n<div class=\"wp-block-column is-layout-flow wp-block-column-is-layout-flow\">\n<div class=\"wp-block-group is-content-justification-space-between is-nowrap is-layout-flex wp-container-core-group-is-layout-cb46ffcb wp-block-group-is-layout-flex\">\n<p class=\"has-medium-font-size\"><a href=\"https:\/\/aqknowledge.no\/en\/podkast-om-havbruksmeldingen\/\" data-type=\"link\" data-id=\"https:\/\/aqknowledge.no\/podkast-om-havbruksmeldingen\/\">Podcast on the Aquaculture Strategy (Norwegian)<\/a><\/p>\n\n\n\n<p class=\"has-text-color has-link-color has-medium-font-size wp-elements-968e8d89a6e686297a936e49114a7f56\" style=\"color:#c53059\">\u25ba<\/p>\n<\/div>\n<\/div>\n<\/div>\n\n\n\n<div class=\"wp-block-columns is-layout-flex wp-container-core-columns-is-layout-8d88fe0f wp-block-columns-is-layout-flex\" style=\"border-top-style:none;border-top-width:0px;border-bottom-color:#9bc1e6;border-bottom-width:1px;padding-top:var(--wp--preset--spacing--20);padding-bottom:var(--wp--preset--spacing--20)\">\n<div class=\"wp-block-column is-layout-flow wp-block-column-is-layout-flow\">\n<div class=\"wp-block-group is-content-justification-space-between is-nowrap is-layout-flex wp-container-core-group-is-layout-cb46ffcb wp-block-group-is-layout-flex\">\n<p class=\"has-medium-font-size\"><a href=\"https:\/\/www.intrafish.no\/fiskehelse\/foreslar-en-havarikommisjon-for-havbruk\/2-1-1566644?zephr_sso_ott=Lwxoie\" target=\"_blank\" rel=\"noreferrer noopener\">Aquaculture Strategy<\/a><\/p>\n\n\n\n<p class=\"has-text-color has-link-color has-medium-font-size wp-elements-968e8d89a6e686297a936e49114a7f56\" style=\"color:#c53059\">\u25ba<\/p>\n<\/div>\n<\/div>\n<\/div>\n<\/div>\n<\/div>\n<\/div>\n\n\n\n<div class=\"wp-block-column is-layout-flow wp-block-column-is-layout-flow\">\n<p>+47 971 47 978<\/p>\n\n\n\n<p><a href=\"mailto:henrik@aqknowledge.no\" target=\"_blank\" rel=\"noreferrer noopener\">henrik@aqknowledge.no<\/a><\/p>\n\n\n\n<p><a href=\"https:\/\/www.linkedin.com\/in\/henrikhareide\/\" data-type=\"link\" data-id=\"https:\/\/www.linkedin.com\/in\/henrikhareide\/\" target=\"_blank\" rel=\"noreferrer noopener\">LinkedIn<\/a><\/p>\n\n\n\n<p class=\"has-medium-font-size\">Henrik has extensive experience in leadership roles within resource management and the seafood industry, with particular expertise in aquaculture, sustainable development, and good governance.\u00a0He has worked at the intersection of science, industry, and politics, and has solid insight into both strategic and operational processes in the seafood sector.<\/p>\n\n\n\n<p class=\"has-medium-font-size\">Henrik assists companies with management processes and regulatory risk, framework conditions, scientific foundations and analysis, and the development of responsible business models.\u00a0He holds a master\u2019s degree in human geography from the University of Bergen, with a focus on political geography and sustainability.<\/p>\n\n\n\n<p class=\"has-medium-font-size\">In his free time, Henrik enjoys outdoor activities, culture, and good food and wine.\u00a0He is engaged in societal issues and is happy to share his experience and insights. Feel free to reach out for an informal chat!<\/p>\n<\/div>\n<\/div>\n<\/div>\n<\/div>\n\n\n\n<div style=\"height:30px\" aria-hidden=\"true\" class=\"wp-block-spacer\"><\/div>","protected":false},"excerpt":{"rendered":"<p>Henrik Hareide Partner Spesialomr\u00e5der Akvakulturforvaltning og regulatorisk risiko Strategi og politikk med faglig innsikt B\u00e6rekraft og ansvarlige forretningsmodeller I media Podkast om Havbruksmeldingen \u25ba Havbruksmeldingen \u25ba +47 971 47 978 henrik@aqknowledge.no LinkedIn Henrik har lang erfaring fra ledende roller innen forvaltning og sj\u00f8matn\u00e6ring, med s\u00e6rlig kompetanse innen akvakultur, b\u00e6rekraftig utvikling og god forvaltning. Han har [&hellip;]<\/p>","protected":false},"author":3,"featured_media":0,"parent":0,"menu_order":0,"comment_status":"closed","ping_status":"closed","template":"page-no-title","meta":{"footnotes":""},"class_list":["post-257","page","type-page","status-publish","hentry"],"_links":{"self":[{"href":"https:\/\/aqknowledge.no\/en\/wp-json\/wp\/v2\/pages\/257","targetHints":{"allow":["GET"]}}],"collection":[{"href":"https:\/\/aqknowledge.no\/en\/wp-json\/wp\/v2\/pages"}],"about":[{"href":"https:\/\/aqknowledge.no\/en\/wp-json\/wp\/v2\/types\/page"}],"author":[{"embeddable":true,"href":"https:\/\/aqknowledge.no\/en\/wp-json\/wp\/v2\/users\/3"}],"replies":[{"embeddable":true,"href":"https:\/\/aqknowledge.no\/en\/wp-json\/wp\/v2\/comments?post=257"}],"version-history":[{"count":30,"href":"https:\/\/aqknowledge.no\/en\/wp-json\/wp\/v2\/pages\/257\/revisions"}],"predecessor-version":[{"id":755,"href":"https:\/\/aqknowledge.no\/en\/wp-json\/wp\/v2\/pages\/257\/revisions\/755"}],"wp:attachment":[{"href":"https:\/\/aqknowledge.no\/en\/wp-json\/wp\/v2\/media?parent=257"}],"curies":[{"name":"wp","href":"https:\/\/api.w.org\/{rel}","templated":true}]}}