{"id":174,"date":"2025-06-18T04:34:48","date_gmt":"2025-06-18T04:34:48","guid":{"rendered":"https:\/\/aqknowledge.no\/?page_id=174"},"modified":"2025-07-07T11:06:19","modified_gmt":"2025-07-07T11:06:19","slug":"vare-tjenester","status":"publish","type":"page","link":"https:\/\/aqknowledge.no\/en\/vare-tjenester\/","title":{"rendered":"Our Services"},"content":{"rendered":"<div style=\"height:50px\" aria-hidden=\"true\" class=\"wp-block-spacer\"><\/div>\n\n\n\n<div class=\"wp-block-columns alignwide is-layout-flex wp-container-core-columns-is-layout-28f84493 wp-block-columns-is-layout-flex\">\n<div class=\"wp-block-column is-layout-flow wp-block-column-is-layout-flow\">\n<h2 class=\"wp-block-heading\" style=\"font-style:normal;font-weight:400\">Our Services<\/h2>\n\n\n\n<div style=\"height:10px\" aria-hidden=\"true\" class=\"wp-block-spacer\"><\/div>\n\n\n\n<p class=\"has-large-font-size\">Our extensive experience in the aquaculture industry and coastal area management enables us to find solutions to both complex and concrete challenges.\u00a0With backgrounds from both the industry itself and public administration, we combine solid expertise with strategic understanding. This allows us to deliver targeted advisory services across four key areas.&nbsp;<\/p>\n<\/div>\n<\/div>\n\n\n\n<div style=\"height:var(--wp--preset--spacing--40)\" aria-hidden=\"true\" class=\"wp-block-spacer\"><\/div>\n\n\n\n<div class=\"wp-block-columns alignwide is-layout-flex wp-container-core-columns-is-layout-28f84493 wp-block-columns-is-layout-flex\">\n<div class=\"wp-block-column is-layout-flow wp-block-column-is-layout-flow\">\n<div class=\"wp-block-columns is-layout-flex wp-container-core-columns-is-layout-28f84493 wp-block-columns-is-layout-flex\">\n<div class=\"wp-block-column is-layout-flow wp-block-column-is-layout-flow\" style=\"border-top-style:none;border-top-width:0px;border-bottom-color:#9bc1e6;border-bottom-width:1px;padding-top:var(--wp--preset--spacing--20);padding-bottom:var(--wp--preset--spacing--30)\">\n<h3 class=\"wp-block-heading\">Regulatory advisory<\/h3>\n\n\n\n<p class=\"has-medium-font-size\">Navigating complex regulations requires experience and insight.\u00a0We help our clients understand and comply with national and international aquaculture requirements. With deep subject-matter expertise and hands-on experience, we assist with everything from applications and government dialogue to technical documentation and risk management.\u00a0Our goal is to make the regulatory landscape more predictable and manageable.<\/p>\n\n\n\n<div style=\"height:var(--wp--preset--spacing--20)\" aria-hidden=\"true\" class=\"wp-block-spacer\"><\/div>\n<\/div>\n\n\n\n<div class=\"wp-block-column is-layout-flow wp-block-column-is-layout-flow\" style=\"border-top-style:none;border-top-width:0px;border-bottom-color:#9bc1e6;border-bottom-width:1px;padding-top:var(--wp--preset--spacing--20);padding-bottom:var(--wp--preset--spacing--30)\">\n<h3 class=\"wp-block-heading\">Strategy and action plans<\/h3>\n\n\n\n<p class=\"has-medium-font-size\">We contribute to strategies that are both ambitious and achievable.\u00a0Based on the client\u2019s goals and challenges, we develop action plans that provide direction and momentum.\u00a0We combine industry knowledge with an analytical approach to ensure that the strategy not only looks good on paper but also works in practice.\u00a0The result is clear priorities and measurable outcomes.<\/p>\n\n\n\n<div style=\"height:10px\" aria-hidden=\"true\" class=\"wp-block-spacer\"><\/div>\n<\/div>\n<\/div>\n<\/div>\n<\/div>\n\n\n\n<div class=\"wp-block-columns alignwide is-layout-flex wp-container-core-columns-is-layout-28f84493 wp-block-columns-is-layout-flex\">\n<div class=\"wp-block-column is-layout-flow wp-block-column-is-layout-flow\">\n<div class=\"wp-block-columns is-layout-flex wp-container-core-columns-is-layout-28f84493 wp-block-columns-is-layout-flex\">\n<div class=\"wp-block-column is-layout-flow wp-block-column-is-layout-flow\" style=\"border-top-style:none;border-top-width:0px;border-bottom-color:#9bc1e6;border-bottom-width:1px;padding-top:var(--wp--preset--spacing--20);padding-bottom:var(--wp--preset--spacing--30)\">\n<h3 class=\"wp-block-heading\">Knowledge-based decision support<\/h3>\n\n\n\n<p class=\"has-medium-font-size\">We deliver analyses and assessments that provide our clients with a solid foundation for making the right decisions.\u00a0Our strength lies in combining experience with subject-matter understanding \u2013 and in making complex issues clear and relevant. We read, interpret, and evaluate knowledge bases and reports with a critical eye, and provide second opinions that are well-grounded in both science and practice.<\/p>\n\n\n\n<div style=\"height:var(--wp--preset--spacing--20)\" aria-hidden=\"true\" class=\"wp-block-spacer\"><\/div>\n<\/div>\n\n\n\n<div class=\"wp-block-column is-layout-flow wp-block-column-is-layout-flow\" style=\"border-top-style:none;border-top-width:0px;border-bottom-color:#9bc1e6;border-bottom-width:1px;padding-top:var(--wp--preset--spacing--20);padding-bottom:var(--wp--preset--spacing--30)\">\n<h3 class=\"wp-block-heading\">Business Development<\/h3>\n\n\n\n<p class=\"has-medium-font-size\">We identify and realize new opportunities for growth and value creation together with our clients.\u00a0Whether it\u2019s about new markets, products, or partnerships, we help develop and implement sustainable business models.\u00a0Our approach is practical and tailored \u2013 we work closely with clients to ensure that ideas become profitable realities.<\/p>\n\n\n\n<div style=\"height:10px\" aria-hidden=\"true\" class=\"wp-block-spacer\"><\/div>\n<\/div>\n<\/div>\n<\/div>\n<\/div>\n\n\n\n<div style=\"height:var(--wp--preset--spacing--40)\" aria-hidden=\"true\" class=\"wp-block-spacer\"><\/div>\n\n\n\n<figure class=\"wp-block-image alignwide size-large\"><img loading=\"lazy\" decoding=\"async\" width=\"1024\" height=\"768\" src=\"https:\/\/aqknowledge.no\/wp-content\/uploads\/2025\/06\/One-of-the-halls-where-smolt-are-kept-inside.-Photo-by-John-Christian-Andreassen-1024x768.jpg\" alt=\"\" class=\"wp-image-339\" srcset=\"https:\/\/aqknowledge.no\/wp-content\/uploads\/2025\/06\/One-of-the-halls-where-smolt-are-kept-inside.-Photo-by-John-Christian-Andreassen-1024x768.jpg 1024w, https:\/\/aqknowledge.no\/wp-content\/uploads\/2025\/06\/One-of-the-halls-where-smolt-are-kept-inside.-Photo-by-John-Christian-Andreassen-300x225.jpg 300w, https:\/\/aqknowledge.no\/wp-content\/uploads\/2025\/06\/One-of-the-halls-where-smolt-are-kept-inside.-Photo-by-John-Christian-Andreassen-768x576.jpg 768w, https:\/\/aqknowledge.no\/wp-content\/uploads\/2025\/06\/One-of-the-halls-where-smolt-are-kept-inside.-Photo-by-John-Christian-Andreassen-1536x1152.jpg 1536w, https:\/\/aqknowledge.no\/wp-content\/uploads\/2025\/06\/One-of-the-halls-where-smolt-are-kept-inside.-Photo-by-John-Christian-Andreassen-2048x1536.jpg 2048w\" sizes=\"auto, (max-width: 1024px) 100vw, 1024px\" \/><\/figure>\n\n\n\n<div class=\"wp-block-columns alignwide is-layout-flex wp-container-core-columns-is-layout-28f84493 wp-block-columns-is-layout-flex\">\n<div class=\"wp-block-column is-layout-flow wp-block-column-is-layout-flow\">\n<p class=\"has-small-font-size\">Picture with permission from Salten Aqua<\/p>\n<\/div>\n<\/div>\n\n\n\n<div style=\"height:50px\" aria-hidden=\"true\" class=\"wp-block-spacer\"><\/div>\n\n\n\n<p><\/p>","protected":false},"excerpt":{"rendered":"<p>V\u00e5re tjenester V\u00e5r lange erfaring fra oppdrettsn\u00e6ringen og forvaltning av kystarealer gj\u00f8r at vi finner l\u00f8sninger p\u00e5 b\u00e5de komplekse og konkrete utfordringer. Med bakgrunn fra n\u00e6ringen selv og offentlig forvaltning, kombinerer vi faglig tyngde med strategisk forst\u00e5else. Dette gj\u00f8r oss i stand til \u00e5 levere m\u00e5lrettet r\u00e5dgivning innen fire sentrale omr\u00e5der.&nbsp; Regulatorisk r\u00e5dgivning Navigering i [&hellip;]<\/p>","protected":false},"author":3,"featured_media":0,"parent":0,"menu_order":0,"comment_status":"closed","ping_status":"closed","template":"page-no-title","meta":{"footnotes":""},"class_list":["post-174","page","type-page","status-publish","hentry"],"_links":{"self":[{"href":"https:\/\/aqknowledge.no\/en\/wp-json\/wp\/v2\/pages\/174","targetHints":{"allow":["GET"]}}],"collection":[{"href":"https:\/\/aqknowledge.no\/en\/wp-json\/wp\/v2\/pages"}],"about":[{"href":"https:\/\/aqknowledge.no\/en\/wp-json\/wp\/v2\/types\/page"}],"author":[{"embeddable":true,"href":"https:\/\/aqknowledge.no\/en\/wp-json\/wp\/v2\/users\/3"}],"replies":[{"embeddable":true,"href":"https:\/\/aqknowledge.no\/en\/wp-json\/wp\/v2\/comments?post=174"}],"version-history":[{"count":29,"href":"https:\/\/aqknowledge.no\/en\/wp-json\/wp\/v2\/pages\/174\/revisions"}],"predecessor-version":[{"id":825,"href":"https:\/\/aqknowledge.no\/en\/wp-json\/wp\/v2\/pages\/174\/revisions\/825"}],"wp:attachment":[{"href":"https:\/\/aqknowledge.no\/en\/wp-json\/wp\/v2\/media?parent=174"}],"curies":[{"name":"wp","href":"https:\/\/api.w.org\/{rel}","templated":true}]}}