{"id":145,"date":"2025-06-18T03:40:54","date_gmt":"2025-06-18T03:40:54","guid":{"rendered":"https:\/\/aqknowledge.no\/?page_id=145"},"modified":"2025-07-08T06:37:34","modified_gmt":"2025-07-08T06:37:34","slug":"vare-radgivere","status":"publish","type":"page","link":"https:\/\/aqknowledge.no\/en\/vare-radgivere\/","title":{"rendered":"Our Advisors"},"content":{"rendered":"<div style=\"height:50px\" aria-hidden=\"true\" class=\"wp-block-spacer\"><\/div>\n\n\n\n<div class=\"wp-block-columns alignwide is-layout-flex wp-container-core-columns-is-layout-e0e4babd wp-block-columns-is-layout-flex\" style=\"padding-right:0;padding-left:0\">\n<div class=\"wp-block-column is-layout-flow wp-block-column-is-layout-flow\" style=\"flex-basis:70%\">\n<h2 class=\"wp-block-heading\" style=\"font-style:normal;font-weight:400\">Regulatory advisory and support for effective government dialogue, backed by solid expertise and strategic understanding of business development.\u00a0For aquaculture on land, along the coast, and at sea<\/h2>\n<\/div>\n<\/div>\n\n\n\n<div style=\"height:30px\" aria-hidden=\"true\" class=\"wp-block-spacer\"><\/div>\n\n\n\n<div class=\"wp-block-group alignwide has-text-color has-link-color wp-elements-cc2be21330b1b805de7a5d344eb8baa6 has-global-padding is-layout-constrained wp-container-core-group-is-layout-e555385e wp-block-group-is-layout-constrained\" style=\"color:#2b2d42\">\n<div class=\"wp-block-columns alignwide is-layout-flex wp-container-core-columns-is-layout-658170e2 wp-block-columns-is-layout-flex\">\n<div class=\"wp-block-column has-background is-layout-flow wp-block-column-is-layout-flow\" style=\"background-color:#e9f1f8\">\n<figure class=\"wp-block-image size-large\"><img loading=\"lazy\" decoding=\"async\" width=\"1024\" height=\"683\" src=\"https:\/\/aqknowledge.no\/wp-content\/uploads\/2025\/07\/0A7087D1-1A40-415A-8C96-575B1495758A-edited-1024x683.jpeg\" alt=\"\" class=\"wp-image-693\" style=\"aspect-ratio:4\/3;object-fit:cover\" srcset=\"https:\/\/aqknowledge.no\/wp-content\/uploads\/2025\/07\/0A7087D1-1A40-415A-8C96-575B1495758A-edited-1024x683.jpeg 1024w, https:\/\/aqknowledge.no\/wp-content\/uploads\/2025\/07\/0A7087D1-1A40-415A-8C96-575B1495758A-edited-300x200.jpeg 300w, https:\/\/aqknowledge.no\/wp-content\/uploads\/2025\/07\/0A7087D1-1A40-415A-8C96-575B1495758A-edited-768x512.jpeg 768w, https:\/\/aqknowledge.no\/wp-content\/uploads\/2025\/07\/0A7087D1-1A40-415A-8C96-575B1495758A-edited-1536x1024.jpeg 1536w, https:\/\/aqknowledge.no\/wp-content\/uploads\/2025\/07\/0A7087D1-1A40-415A-8C96-575B1495758A-edited-2048x1366.jpeg 2048w\" sizes=\"auto, (max-width: 1024px) 100vw, 1024px\" \/><\/figure>\n\n\n\n<div class=\"wp-block-columns is-layout-flex wp-container-core-columns-is-layout-be0c07f7 wp-block-columns-is-layout-flex\" style=\"padding-top:var(--wp--preset--spacing--50);padding-right:var(--wp--preset--spacing--50);padding-bottom:var(--wp--preset--spacing--50);padding-left:var(--wp--preset--spacing--50)\">\n<div class=\"wp-block-column is-layout-flow wp-block-column-is-layout-flow\">\n<h3 class=\"wp-block-heading\">Henrik Hareide<\/h3>\n\n\n\n<p class=\"has-medium-font-size\">Henrik has extensive experience in leadership roles within public administration and the seafood industry, with particular expertise in aquaculture, sustainable development, and good governance.\u00a0He has worked at the intersection of science, industry, and politics, and has deep insight into both strategic and operational processes in the seafood sector. Henrik supports companies with management processes and regulatory risk, framework conditions, scientific foundations and analysis, and the development of responsible business models.                         <\/p>\n\n\n\n<div class=\"wp-block-columns is-layout-flex wp-container-core-columns-is-layout-8d88fe0f wp-block-columns-is-layout-flex\" style=\"border-bottom-width:1px;padding-top:var(--wp--preset--spacing--20);padding-bottom:var(--wp--preset--spacing--20)\">\n<div class=\"wp-block-column is-layout-flow wp-block-column-is-layout-flow\">\n<div class=\"wp-block-group is-content-justification-space-between is-nowrap is-layout-flex wp-container-core-group-is-layout-cb46ffcb wp-block-group-is-layout-flex\">\n<p class=\"has-medium-font-size\"><a href=\"https:\/\/aqknowledge.no\/en\/?page_id=257\" data-type=\"page\" data-id=\"257\">Read more<\/a><\/p>\n\n\n\n<p class=\"has-text-color has-link-color has-medium-font-size wp-elements-968e8d89a6e686297a936e49114a7f56\" style=\"color:#c53059\">\u25ba<\/p>\n<\/div>\n<\/div>\n<\/div>\n<\/div>\n<\/div>\n<\/div>\n\n\n\n<div class=\"wp-block-column is-style-default has-background is-layout-flow wp-block-column-is-layout-flow\" style=\"background-color:#e9f1f8\">\n<figure class=\"wp-block-image size-large\"><img loading=\"lazy\" decoding=\"async\" width=\"1024\" height=\"683\" src=\"https:\/\/aqknowledge.no\/wp-content\/uploads\/2025\/07\/EE167B93-4A64-4A23-8399-90746F9A8BBC-edited-1-1024x683.jpeg\" alt=\"\" class=\"wp-image-695\" style=\"aspect-ratio:4\/3;object-fit:cover\" srcset=\"https:\/\/aqknowledge.no\/wp-content\/uploads\/2025\/07\/EE167B93-4A64-4A23-8399-90746F9A8BBC-edited-1-1024x683.jpeg 1024w, https:\/\/aqknowledge.no\/wp-content\/uploads\/2025\/07\/EE167B93-4A64-4A23-8399-90746F9A8BBC-edited-1-300x200.jpeg 300w, https:\/\/aqknowledge.no\/wp-content\/uploads\/2025\/07\/EE167B93-4A64-4A23-8399-90746F9A8BBC-edited-1-768x512.jpeg 768w, https:\/\/aqknowledge.no\/wp-content\/uploads\/2025\/07\/EE167B93-4A64-4A23-8399-90746F9A8BBC-edited-1-1536x1025.jpeg 1536w, https:\/\/aqknowledge.no\/wp-content\/uploads\/2025\/07\/EE167B93-4A64-4A23-8399-90746F9A8BBC-edited-1.jpeg 2045w\" sizes=\"auto, (max-width: 1024px) 100vw, 1024px\" \/><\/figure>\n\n\n\n<div class=\"wp-block-columns is-layout-flex wp-container-core-columns-is-layout-be969680 wp-block-columns-is-layout-flex\" style=\"padding-top:var(--wp--preset--spacing--50);padding-right:var(--wp--preset--spacing--50);padding-bottom:var(--wp--preset--spacing--50);padding-left:var(--wp--preset--spacing--50)\">\n<div class=\"wp-block-column is-layout-flow wp-block-column-is-layout-flow\">\n<h3 class=\"wp-block-heading\">Rudi Ripman Seim<\/h3>\n\n\n\n<p class=\"has-medium-font-size\">Rudi has held various leadership roles in the aquaculture industry, with particular expertise in biotechnology, feed, genetics, and technology development.\u00a0He has worked in both Norwegian and international companies and has strong insight into the global aquaculture market. Rudi supports companies with business development, documentation and specialized products, regulatory processes, production planning, biosecurity, fish welfare, and fish health.<\/p>\n\n\n\n<div class=\"wp-block-columns is-layout-flex wp-container-core-columns-is-layout-8d88fe0f wp-block-columns-is-layout-flex\" style=\"border-bottom-width:1px;padding-top:var(--wp--preset--spacing--20);padding-bottom:var(--wp--preset--spacing--20)\">\n<div class=\"wp-block-column is-layout-flow wp-block-column-is-layout-flow\">\n<div class=\"wp-block-group is-content-justification-space-between is-nowrap is-layout-flex wp-container-core-group-is-layout-cb46ffcb wp-block-group-is-layout-flex\">\n<p class=\"has-medium-font-size\"><a href=\"https:\/\/aqknowledge.no\/en\/?page_id=171\" data-type=\"page\" data-id=\"171\">Read more<\/a><\/p>\n\n\n\n<p class=\"has-text-color has-link-color has-medium-font-size wp-elements-968e8d89a6e686297a936e49114a7f56\" style=\"color:#c53059\">\u25ba<\/p>\n<\/div>\n<\/div>\n<\/div>\n<\/div>\n<\/div>\n<\/div>\n<\/div>\n<\/div>\n\n\n\n<div style=\"height:100px\" aria-hidden=\"true\" class=\"wp-block-spacer\"><\/div>","protected":false},"excerpt":{"rendered":"<p>Regulatorisk r\u00e5dgiving og st\u00f8tte til god myndighetsdialog med faglig tyngde og strategisk forst\u00e5else for forretningsutvikling. For akvakultur p\u00e5 land, langs kysten og ute i havet Henrik Hareide Henrik har lang erfaring fra ledende roller innen forvaltning og sj\u00f8matn\u00e6ring, med s\u00e6rlig kompetanse innen akvakultur, b\u00e6rekraftig utvikling og god forvaltning. Han har jobbet i skj\u00e6ringspunktet mellom fag, [&hellip;]<\/p>","protected":false},"author":3,"featured_media":0,"parent":0,"menu_order":0,"comment_status":"closed","ping_status":"closed","template":"page-no-title","meta":{"footnotes":""},"class_list":["post-145","page","type-page","status-publish","hentry"],"_links":{"self":[{"href":"https:\/\/aqknowledge.no\/en\/wp-json\/wp\/v2\/pages\/145","targetHints":{"allow":["GET"]}}],"collection":[{"href":"https:\/\/aqknowledge.no\/en\/wp-json\/wp\/v2\/pages"}],"about":[{"href":"https:\/\/aqknowledge.no\/en\/wp-json\/wp\/v2\/types\/page"}],"author":[{"embeddable":true,"href":"https:\/\/aqknowledge.no\/en\/wp-json\/wp\/v2\/users\/3"}],"replies":[{"embeddable":true,"href":"https:\/\/aqknowledge.no\/en\/wp-json\/wp\/v2\/comments?post=145"}],"version-history":[{"count":46,"href":"https:\/\/aqknowledge.no\/en\/wp-json\/wp\/v2\/pages\/145\/revisions"}],"predecessor-version":[{"id":871,"href":"https:\/\/aqknowledge.no\/en\/wp-json\/wp\/v2\/pages\/145\/revisions\/871"}],"wp:attachment":[{"href":"https:\/\/aqknowledge.no\/en\/wp-json\/wp\/v2\/media?parent=145"}],"curies":[{"name":"wp","href":"https:\/\/api.w.org\/{rel}","templated":true}]}}